{"id":115,"date":"2022-10-07T10:10:51","date_gmt":"2022-10-07T10:10:51","guid":{"rendered":"https:\/\/webredox.net\/demo\/wp\/nui\/?page_id=115"},"modified":"2023-11-07T07:00:27","modified_gmt":"2023-11-07T07:00:27","slug":"team","status":"publish","type":"page","link":"https:\/\/allwecanprint.com\/es\/team\/","title":{"rendered":"Equipo"},"content":{"rendered":"<div data-elementor-type=\"wp-page\" data-elementor-id=\"115\" class=\"elementor elementor-115\">\n\t\t\t\t\t\t\t\t\t<div class=\"elementor-section elementor-top-section elementor-element elementor-element-075b6b4 elementor-section-boxed elementor-section-height-default elementor-section-height-default\" data-id=\"075b6b4\" data-element_type=\"section\">\n\t\t\t\t\t\t<div class=\"elementor-container elementor-column-gap-no\">\n\t\t\t\t\t<div class=\"elementor-column elementor-col-100 elementor-top-column elementor-element elementor-element-b706bdf\" data-id=\"b706bdf\" data-element_type=\"column\">\n\t\t\t<div class=\"elementor-widget-wrap elementor-element-populated\">\n\t\t\t\t\t\t\t\t<section class=\"elementor-section elementor-inner-section elementor-element elementor-element-fc66f06 elementor-section-full_width elementor-section-height-default elementor-section-height-default\" data-id=\"fc66f06\" data-element_type=\"section\">\n\t\t\t\t\t\t<div class=\"elementor-container elementor-column-gap-default\">\n\t\t\t\t\t<div class=\"elementor-column elementor-col-50 elementor-inner-column elementor-element elementor-element-b660c5b\" data-id=\"b660c5b\" data-element_type=\"column\">\n\t\t\t<div class=\"elementor-widget-wrap elementor-element-populated\">\n\t\t\t\t\t\t\t\t<div class=\"elementor-element elementor-element-5484eed elementor-widget elementor-widget-nui-sec-title\" data-id=\"5484eed\" data-element_type=\"widget\" data-widget_type=\"nui-sec-title.default\">\n\t\t\t\t<div class=\"elementor-widget-container\">\n\t\t\t\t\t<div class=\"tt-heading text-left  tt-heading-lg tt-heading-stroke-none anim-fadeinup max-width-auto\">\r\n\t\t\r\n\t\t\t\t\t\t\t\t\t\t<h2 class=\"tt-heading-title\">\r\n\t\t\t\t\t\t\t\tSobre nosotros\t\t\t\t\t\t\t\t<\/h2>\r\n\t\t\t\t\t\t\t\t<\/div>\r\n        \t\t<\/div>\n\t\t\t\t<\/div>\n\t\t\t\t<div class=\"elementor-element elementor-element-eda5dbd elementor-widget elementor-widget-nui-text-block\" data-id=\"eda5dbd\" data-element_type=\"widget\" data-widget_type=\"nui-text-block.default\">\n\t\t\t\t<div class=\"elementor-widget-container\">\n\t\t\t\t\t<div class=\"text-xlg text-left text-gray-off nui-text-block\">\r\n\t\t<div class=\"clear anim-fadeinup\">\r\n\t\t<div class=\"page\" title=\"Page 11\"><div class=\"section\"><div class=\"layoutArea\"><div class=\"column\"><p class=\" translation-block\">Cuidamos nuestros pedidos con mimo e individualidad. Solo la calma y la concentraci\u00f3n aseguran un resultado perfecto a largo plazo. Esta es nuestra pasi\u00f3n, por lo que estamos muy contentos de dedicar tiempo a nuestros clientes y sus proyectos muy especiales. Nuestro equipo cualificado tiene un conocimiento bien fundado en el campo de la rotulaci\u00f3n total y parcial de veh\u00edculos, la rotulaci\u00f3n de interiores y el tintado de lunas dependiendo del uso destinado: seguridad, temperatura, protecci\u00f3n, privacidad... as\u00ed como en todas las \u00e1reas de la tecnolog\u00eda publicitaria, la impresi\u00f3n digital, wrapping de veh\u00edculos y muebles. No nos importa si desea refinar \u00f3pticamente un autom\u00f3vil, una motocicleta, una casa m\u00f3vil o un mueble, si desea que cambiemos un Smart o un cami\u00f3n cisterna: en todas las \u00e1reas de la tecnolog\u00eda de pel\u00edculas nos encontrar\u00e1 competentes profesionales que a menudo buscas en vano en otra parte. Disponemos de una serie de productos \u00fanicos.<\/p><\/div><\/div><\/div><\/div>\t\t<\/div>\r\n\t\t<\/div>\r\n        \t\t<\/div>\n\t\t\t\t<\/div>\n\t\t\t\t\t<\/div>\n\t\t<\/div>\n\t\t\t\t<div class=\"elementor-column elementor-col-50 elementor-inner-column elementor-element elementor-element-a6cbb2b\" data-id=\"a6cbb2b\" data-element_type=\"column\">\n\t\t\t<div class=\"elementor-widget-wrap\">\n\t\t\t\t\t\t\t\t\t<\/div>\n\t\t<\/div>\n\t\t\t\t\t\t\t<\/div>\n\t\t<\/section>\n\t\t\t\t\t<\/div>\n\t\t<\/div>\n\t\t\t\t\t\t\t<\/div>\n\t\t<\/div>\n\t\t\t\t<section class=\"elementor-section elementor-top-section elementor-element elementor-element-4cbeac4 elementor-section-full_width elementor-section-height-default elementor-section-height-default\" data-id=\"4cbeac4\" data-element_type=\"section\">\n\t\t\t\t\t\t<div class=\"elementor-container elementor-column-gap-no\">\n\t\t\t\t\t<div class=\"elementor-column elementor-col-100 elementor-top-column elementor-element elementor-element-1c565dc\" data-id=\"1c565dc\" data-element_type=\"column\">\n\t\t\t<div class=\"elementor-widget-wrap elementor-element-populated\">\n\t\t\t\t\t\t\t\t<div class=\"elementor-element elementor-element-e079401 elementor-widget elementor-widget-nui-img-carousel\" data-id=\"e079401\" data-element_type=\"widget\" data-widget_type=\"nui-img-carousel.default\">\n\t\t\t\t<div class=\"elementor-widget-container\">\n\t\t\t\r\n\t\t<!-- accordion-->                            \r\n        <div class=\"tt-content-carousel cursor-drag cc-scale-down cc-hide-pagination cc-pagination-outside cc-hide-navigation cc-shifted-off\" data-loop=\"true\" data-simulate-touch=\"true\"  data-speed=\"900\"  data-autoplay=\"2000\">\r\n\t\t\t<div class=\"swiper\">\r\n\t\t\t\t<div class=\"swiper-wrapper\">\r\n\t\t\t\t\t\t\t\t<div class=\"swiper-slide\">\r\n\t\t\t\t\t<div class=\"tt-content-carousel-item\">\r\n\t\t\t\t\t\t<figure>\r\n\t\t\t\t\t\t\t\t\t\t\t\t<img decoding=\"async\" class=\"tt-cc-image swiper-lazy\" src=\"https:\/\/allwecanprint.com\/wp-content\/themes\/nui\/includes\/img\/low-qlt-thumb.jpg\" data-src=\"https:\/\/allwecanprint.com\/wp-content\/uploads\/2023\/08\/AWCP-Cars_1.34.6.png\" alt=\"\">\r\n\t\t\t\t\t\t\t\t\t\t\t\t<\/figure>\r\n\t\t\t\t\t<\/div>\r\n\t\t\t\t<\/div>\r\n\t\t\t\t\t\t\t\t<div class=\"swiper-slide\">\r\n\t\t\t\t\t<div class=\"tt-content-carousel-item\">\r\n\t\t\t\t\t\t<figure>\r\n\t\t\t\t\t\t\t\t\t\t\t\t<img decoding=\"async\" class=\"tt-cc-image swiper-lazy\" src=\"https:\/\/allwecanprint.com\/wp-content\/themes\/nui\/includes\/img\/low-qlt-thumb.jpg\" data-src=\"https:\/\/allwecanprint.com\/wp-content\/uploads\/2023\/08\/AWCP-Cars_1.33.5.png\" alt=\"\">\r\n\t\t\t\t\t\t\t\t\t\t\t\t<\/figure>\r\n\t\t\t\t\t<\/div>\r\n\t\t\t\t<\/div>\r\n\t\t\t\t\t\t\t\t<div class=\"swiper-slide\">\r\n\t\t\t\t\t<div class=\"tt-content-carousel-item\">\r\n\t\t\t\t\t\t<figure>\r\n\t\t\t\t\t\t\t\t\t\t\t\t<img decoding=\"async\" class=\"tt-cc-image swiper-lazy\" src=\"https:\/\/allwecanprint.com\/wp-content\/themes\/nui\/includes\/img\/low-qlt-thumb.jpg\" data-src=\"https:\/\/allwecanprint.com\/wp-content\/uploads\/2023\/06\/Unknown-scaled.jpeg\" alt=\"\">\r\n\t\t\t\t\t\t\t\t\t\t\t\t<\/figure>\r\n\t\t\t\t\t<\/div>\r\n\t\t\t\t<\/div>\r\n\t\t\t\t\t\t\t\t<div class=\"swiper-slide\">\r\n\t\t\t\t\t<div class=\"tt-content-carousel-item\">\r\n\t\t\t\t\t\t<figure>\r\n\t\t\t\t\t\t\t\t\t\t\t\t<img decoding=\"async\" class=\"tt-cc-image swiper-lazy\" src=\"https:\/\/allwecanprint.com\/wp-content\/themes\/nui\/includes\/img\/low-qlt-thumb.jpg\" data-src=\"https:\/\/allwecanprint.com\/wp-content\/uploads\/2023\/08\/AWCP-Cars_1.30.2.png\" alt=\"\">\r\n\t\t\t\t\t\t\t\t\t\t\t\t<\/figure>\r\n\t\t\t\t\t<\/div>\r\n\t\t\t\t<\/div>\r\n\t\t\t\t\t\t\t\t<div class=\"swiper-slide\">\r\n\t\t\t\t\t<div class=\"tt-content-carousel-item\">\r\n\t\t\t\t\t\t<figure>\r\n\t\t\t\t\t\t\t\t\t\t\t\t<img decoding=\"async\" class=\"tt-cc-image swiper-lazy\" src=\"https:\/\/allwecanprint.com\/wp-content\/themes\/nui\/includes\/img\/low-qlt-thumb.jpg\" data-src=\"https:\/\/allwecanprint.com\/wp-content\/uploads\/2023\/08\/AWCP-Cars_1.34.5.png\" alt=\"\">\r\n\t\t\t\t\t\t\t\t\t\t\t\t<\/figure>\r\n\t\t\t\t\t<\/div>\r\n\t\t\t\t<\/div>\r\n\t\t\t\t\t\t\t\t\t\r\n\t\t\t\t<\/div>\r\n\t\t\t<\/div>\r\n\t\t<!-- Begin content carousel navigation -->\r\n\t\t<div class=\"tt-cc-nav-prev\">\r\n\t\t\t<div class=\"tt-cc-nav-arrow magnetic-item\"><\/div>\r\n\t\t<\/div>\r\n\t\t<div class=\"tt-cc-nav-next\">\r\n\t\t\t<div class=\"tt-cc-nav-arrow magnetic-item\"><\/div>\r\n\t\t<\/div>\r\n\t\t\t\t\t\t\t\t\t<!-- End content carousel navigation -->\r\n\t\t<div class=\"tt-cc-pagination hide-cursor\"><\/div>\r\n        <\/div>\r\n        <!-- accordion end --> \t\t\t\t\t\t\t\r\n\t\t\r\n\r\n        \t\t<\/div>\n\t\t\t\t<\/div>\n\t\t\t\t\t<\/div>\n\t\t<\/div>\n\t\t\t\t\t\t\t<\/div>\n\t\t<\/section>\n\t\t\t\t<div class=\"elementor-section elementor-top-section elementor-element elementor-element-cff1df3 elementor-section-boxed elementor-section-height-default elementor-section-height-default\" data-id=\"cff1df3\" data-element_type=\"section\">\n\t\t\t\t\t\t<div class=\"elementor-container elementor-column-gap-no\">\n\t\t\t\t\t<div class=\"elementor-column elementor-col-100 elementor-top-column elementor-element elementor-element-f692733\" data-id=\"f692733\" data-element_type=\"column\">\n\t\t\t<div class=\"elementor-widget-wrap\">\n\t\t\t\t\t\t\t\t\t<\/div>\n\t\t<\/div>\n\t\t\t\t\t\t\t<\/div>\n\t\t<\/div>\n\t\t\t\t<div class=\"elementor-section elementor-top-section elementor-element elementor-element-a2304f6 bg-white-accent-3 elementor-section-boxed elementor-section-height-default elementor-section-height-default\" data-id=\"a2304f6\" data-element_type=\"section\">\n\t\t\t\t\t\t<div class=\"elementor-container elementor-column-gap-no\">\n\t\t\t\t\t<div class=\"elementor-column elementor-col-100 elementor-top-column elementor-element elementor-element-35902a7\" data-id=\"35902a7\" data-element_type=\"column\">\n\t\t\t<div class=\"elementor-widget-wrap elementor-element-populated\">\n\t\t\t\t\t\t\t\t<div class=\"elementor-section elementor-inner-section elementor-element elementor-element-6af6888 elementor-section-full_width elementor-section-height-default elementor-section-height-default\" data-id=\"6af6888\" data-element_type=\"section\">\n\t\t\t\t\t\t<div class=\"elementor-container elementor-column-gap-default\">\n\t\t\t\t\t<div class=\"elementor-column elementor-col-50 elementor-inner-column elementor-element elementor-element-6368317\" data-id=\"6368317\" data-element_type=\"column\">\n\t\t\t<div class=\"elementor-widget-wrap elementor-element-populated\">\n\t\t\t\t\t\t\t\t<div class=\"elementor-element elementor-element-0eb3430 elementor-widget elementor-widget-nui-sec-title\" data-id=\"0eb3430\" data-element_type=\"widget\" data-widget_type=\"nui-sec-title.default\">\n\t\t\t\t<div class=\"elementor-widget-container\">\n\t\t\t\t\t<div class=\"tt-heading text-left  tt-heading-lg tt-heading-stroke-none anim-fadeinup max-width-auto\">\r\n\t\t\r\n\t\t\t\t\t\t\t<h3 class=\"tt-heading-subtitle\">Voces de los clientes<\/h3>\r\n\t\t\t\t\t\t\t\t\t\t<h2 class=\"tt-heading-title translation-block\">nuestros<br>\nclientes<br><\/h2>\r\n\t\t\t\t\t\t\t\t<\/div>\r\n        \t\t<\/div>\n\t\t\t\t<\/div>\n\t\t\t\t\t<\/div>\n\t\t<\/div>\n\t\t\t\t<div class=\"elementor-column elementor-col-50 elementor-inner-column elementor-element elementor-element-9559448\" data-id=\"9559448\" data-element_type=\"column\">\n\t\t\t<div class=\"elementor-widget-wrap elementor-element-populated\">\n\t\t\t\t\t\t\t\t<div class=\"elementor-element elementor-element-a12a962 elementor-widget elementor-widget-nui-testimonial\" data-id=\"a12a962\" data-element_type=\"widget\" data-widget_type=\"nui-testimonial.default\">\n\t\t\t\t<div class=\"elementor-widget-container\">\n\t\t\t\r\n\t\t<!-- accordion-->                            \r\n        <div class=\"tt-testimonials-slider text-left ts-full-width  ts-hide-pagination-off cursor-drag ts-scale-down ts-hide-navigation anim-fadeinup\" data-loop=\"false\" data-simulate-touch=\"true\" data-speed=\"900\" >\r\n\t\t\t<div class=\"swiper el\">\r\n\t\t\t\t<div class=\"swiper-wrapper\">\r\n\t\t\t\t\t\t\t\t\t\t<div class=\"swiper-slide font-alter\">\r\n\t\t\t\t\t\t<div class=\"tt-ts-item\">\r\n\t\t\t\t\t\t\t\t\t\t\t\t\t<div class=\"tt-ts-text\">\r\n\t\t\t\t\t\t\t\t<p><span class=\"ILfuVd\" lang=\"de\"><span class=\"hgKElc\">Ich sch\u00e4tze das Team von AYCP. Die Jungs sind sehr zuverl\u00e4ssig, professionelle und freundlich. Danke Euch! <br \/><\/span><\/span><\/p>\t\t\t\t\t\t\t<\/div>\r\n\t\t\t\t\t\t\t\t\t\t\t\t\t\t\t\t\t\t\t<div class=\"tt-ts-subtext\">- Alexander H.<\/div>\r\n\t\t\t\t\t\t\t\t\t\t\t\t<\/div>\r\n\t\t\t\t\t<\/div> \r\n\t\t\t\t\t\t\t\t\t\t<div class=\"swiper-slide font-alter\">\r\n\t\t\t\t\t\t<div class=\"tt-ts-item\">\r\n\t\t\t\t\t\t\t\t\t\t\t\t\t<div class=\"tt-ts-text\">\r\n\t\t\t\t\t\t\t\t<p><span class=\"ILfuVd\" lang=\"de\"><span class=\"hgKElc\">Car done perfectly, thx guys. Next one !<br \/><\/span><\/span><\/p>\t\t\t\t\t\t\t<\/div>\r\n\t\t\t\t\t\t\t\t\t\t\t\t\t\t\t\t\t\t\t<div class=\"tt-ts-subtext\">- Fabian R.<\/div>\r\n\t\t\t\t\t\t\t\t\t\t\t\t<\/div>\r\n\t\t\t\t\t<\/div> \r\n\t\t\t\t\t\t\t\t\t<\/div>\r\n\t\t\t<\/div>\r\n\t\t\t<!-- Testimonials slider navigation (arrows) -->\r\n\t\t\t\t<div class=\"tt-ts-nav-prev\">\r\n\t\t\t\t\t<div class=\"tt-ts-nav-arrow magnetic-item\"><\/div>\r\n\t\t\t\t<\/div>\r\n\t\t\t\t<div class=\"tt-ts-nav-next\">\r\n\t\t\t\t\t<div class=\"tt-ts-nav-arrow magnetic-item\"><\/div>\r\n\t\t\t\t<\/div>\r\n\t\t\t\t<!-- Testimonials slider pagination -->\r\n\t\t\t\t<div class=\"tt-ts-pagination hide-cursor\"><\/div>\r\n        <\/div>\r\n        <!-- accordion end --> \t\t\t\t\t\t\t\r\n\t\t\r\n\r\n        \t\t<\/div>\n\t\t\t\t<\/div>\n\t\t\t\t\t<\/div>\n\t\t<\/div>\n\t\t\t\t\t\t\t<\/div>\n\t\t<\/div>\n\t\t\t\t\t<\/div>\n\t\t<\/div>\n\t\t\t\t\t\t\t<\/div>\n\t\t<\/div>\n\t\t\t\t<section class=\"elementor-section elementor-top-section elementor-element elementor-element-f5d1214 elementor-section-full_width elementor-section-height-default elementor-section-height-default\" data-id=\"f5d1214\" data-element_type=\"section\">\n\t\t\t\t\t\t<div class=\"elementor-container elementor-column-gap-no\">\n\t\t\t\t\t<div class=\"elementor-column elementor-col-100 elementor-top-column elementor-element elementor-element-6b54b58\" data-id=\"6b54b58\" data-element_type=\"column\">\n\t\t\t<div class=\"elementor-widget-wrap elementor-element-populated\">\n\t\t\t\t\t\t\t\t<div class=\"elementor-element elementor-element-6f9af1b elementor-widget elementor-widget-nui-image\" data-id=\"6f9af1b\" data-element_type=\"widget\" data-widget_type=\"nui-image.default\">\n\t\t\t\t<div class=\"elementor-widget-container\">\n\t\t\t\t\t\t\t\t<div class=\"tt-image anim-fadeinup-off tti-fixed-height\">\r\n\t\t\t<figure class=\"width-100 cover-opacity-0\">\r\n\t\t\t<img decoding=\"async\" class=\"anim-image-parallax tt-lazy\" src=\"https:\/\/allwecanprint.com\/wp-content\/themes\/nui\/includes\/img\/low-qlt-thumb.jpg\" data-src=\"https:\/\/allwecanprint.com\/wp-content\/uploads\/2022\/12\/awcp_29.jpg\" alt=\"\">\r\n\t\t\t\t\t\t<figcaption>Image Caption<\/figcaption>\r\n\t\t\t\t\t\t<\/figure>\r\n\t\t\t<\/div>\r\n\t\t        \t\t<\/div>\n\t\t\t\t<\/div>\n\t\t\t\t\t<\/div>\n\t\t<\/div>\n\t\t\t\t\t\t\t<\/div>\n\t\t<\/section>\n\t\t\t\t\t\t\t<\/div>","protected":false},"excerpt":{"rendered":"<p>About us Advertising needs to be eye-catching, engaging and persuasive.That&#8217;s why we came together in 2019 to provide our customers with an excellent service of high-quality products on all aspects of advertising ever since.We supply the right designs&#8230;<\/p>","protected":false},"author":1,"featured_media":0,"parent":0,"menu_order":6,"comment_status":"closed","ping_status":"closed","template":"","meta":{"footnotes":""},"class_list":["post-115","page","type-page","status-publish","hentry"],"_links":{"self":[{"href":"https:\/\/allwecanprint.com\/es\/wp-json\/wp\/v2\/pages\/115","targetHints":{"allow":["GET"]}}],"collection":[{"href":"https:\/\/allwecanprint.com\/es\/wp-json\/wp\/v2\/pages"}],"about":[{"href":"https:\/\/allwecanprint.com\/es\/wp-json\/wp\/v2\/types\/page"}],"author":[{"embeddable":true,"href":"https:\/\/allwecanprint.com\/es\/wp-json\/wp\/v2\/users\/1"}],"replies":[{"embeddable":true,"href":"https:\/\/allwecanprint.com\/es\/wp-json\/wp\/v2\/comments?post=115"}],"version-history":[{"count":79,"href":"https:\/\/allwecanprint.com\/es\/wp-json\/wp\/v2\/pages\/115\/revisions"}],"predecessor-version":[{"id":1746,"href":"https:\/\/allwecanprint.com\/es\/wp-json\/wp\/v2\/pages\/115\/revisions\/1746"}],"wp:attachment":[{"href":"https:\/\/allwecanprint.com\/es\/wp-json\/wp\/v2\/media?parent=115"}],"curies":[{"name":"wp","href":"https:\/\/api.w.org\/{rel}","templated":true}]}}